{"id":199,"date":"2021-11-28T23:19:48","date_gmt":"2021-11-28T23:19:48","guid":{"rendered":"http:\/\/soyler.es\/?page_id=199"},"modified":"2022-11-20T22:06:43","modified_gmt":"2022-11-20T22:06:43","slug":"cruce-de-fronteras","status":"publish","type":"page","link":"http:\/\/soyler.es\/?page_id=199","title":{"rendered":"Cruce de fronteras"},"content":{"rendered":"<p>[et_pb_section fb_built=\u00bb1&#8243; admin_label=\u00bbHero\u00bb _builder_version=\u00bb4.13.1&#8243; use_background_color_gradient=\u00bbon\u00bb background_color_gradient_start=\u00bbrgba(0,0,0,0.6)\u00bb background_color_gradient_end=\u00bbrgba(0,0,0,0.6)\u00bb background_color_gradient_overlays_image=\u00bbon\u00bb background_image=\u00bbhttp:\/\/soyler.es\/wp-content\/uploads\/2021\/11\/expo-fondo-largo.png\u00bb custom_padding=\u00bb110px|0px|110px|0px|false|false\u00bb animation_style=\u00bbzoom\u00bb animation_intensity_zoom=\u00bb4%\u00bb global_colors_info=\u00bb{}\u00bb][et_pb_row _builder_version=\u00bb3.25&#8243; background_size=\u00bbinitial\u00bb background_position=\u00bbtop_left\u00bb background_repeat=\u00bbrepeat\u00bb custom_padding=\u00bb|||\u00bb animation_style=\u00bbslide\u00bb animation_direction=\u00bbtop\u00bb animation_intensity_slide=\u00bb3%\u00bb global_colors_info=\u00bb{}\u00bb][et_pb_column type=\u00bb4_4&#8243; _builder_version=\u00bb3.25&#8243; custom_padding=\u00bb|||\u00bb global_colors_info=\u00bb{}\u00bb custom_padding__hover=\u00bb|||\u00bb][et_pb_text _builder_version=\u00bb4.13.1&#8243; text_font=\u00bbPoppins|500||on|||||\u00bb text_text_color=\u00bb#f7f7f7&#8243; text_letter_spacing=\u00bb6px\u00bb background_size=\u00bbinitial\u00bb background_position=\u00bbtop_left\u00bb background_repeat=\u00bbrepeat\u00bb custom_margin=\u00bb|||\u00bb animation_style=\u00bbslide\u00bb animation_direction=\u00bbbottom\u00bb locked=\u00bboff\u00bb global_colors_info=\u00bb{}\u00bb]<\/p>\n<p>Exhibition Design<\/p>\n<p>[\/et_pb_text][et_pb_text _builder_version=\u00bb4.13.1&#8243; text_font=\u00bb||||||||\u00bb header_font=\u00bbPoppins|700||on|||||\u00bb header_text_color=\u00bb#ffffff\u00bb header_font_size=\u00bb60px\u00bb header_line_height=\u00bb1.3em\u00bb header_2_font=\u00bb||||||||\u00bb background_size=\u00bbinitial\u00bb background_position=\u00bbtop_left\u00bb background_repeat=\u00bbrepeat\u00bb custom_margin=\u00bb|||\u00bb animation_style=\u00bbfade\u00bb header_font_size_last_edited=\u00bboff|desktop\u00bb locked=\u00bboff\u00bb global_colors_info=\u00bb{}\u00bb]<\/p>\n<h1>cruce de fronteras<\/h1>\n<p>[\/et_pb_text][et_pb_text _builder_version=\u00bb4.13.1&#8243; text_font=\u00bbAnonymous Pro||||||||\u00bb text_text_color=\u00bb#ffffff\u00bb text_font_size=\u00bb24px\u00bb text_line_height=\u00bb1.8em\u00bb background_size=\u00bbinitial\u00bb background_position=\u00bbtop_left\u00bb background_repeat=\u00bbrepeat\u00bb max_width=\u00bb700px\u00bb module_alignment=\u00bbleft\u00bb custom_padding=\u00bb||0px|||\u00bb animation_style=\u00bbflip\u00bb animation_direction=\u00bbtop\u00bb animation_intensity_flip=\u00bb20%\u00bb locked=\u00bboff\u00bb global_colors_info=\u00bb{}\u00bb]<\/p>\n<p>Dise\u00f1o y exposici\u00f3n temporal en el CSEU La Salle<\/p>\n<p>[\/et_pb_text][\/et_pb_column][\/et_pb_row][\/et_pb_section][et_pb_section fb_built=\u00bb1&#8243; _builder_version=\u00bb4.13.1&#8243; _module_preset=\u00bbdefault\u00bb background_color=\u00bb#f9f9f9&#8243; width=\u00bb100%\u00bb max_width=\u00bb100%\u00bb custom_padding=\u00bb0px|||||\u00bb global_colors_info=\u00bb{}\u00bb][et_pb_row _builder_version=\u00bb4.13.1&#8243; _module_preset=\u00bbdefault\u00bb custom_padding=\u00bb0px|0px||||\u00bb global_colors_info=\u00bb{}\u00bb][et_pb_column type=\u00bb4_4&#8243; _builder_version=\u00bb4.13.1&#8243; _module_preset=\u00bbdefault\u00bb global_colors_info=\u00bb{}\u00bb][et_pb_text _builder_version=\u00bb4.13.1&#8243; text_font=\u00bbAnonymous Pro|700|||||||\u00bb text_text_color=\u00bb#747d88&#8243; text_font_size=\u00bb20px\u00bb text_line_height=\u00bb1.8em\u00bb header_font=\u00bbPoppins||||||||\u00bb header_3_font=\u00bbPoppins||||||||\u00bb header_3_line_height=\u00bb1.5em\u00bb background_size=\u00bbinitial\u00bb background_position=\u00bbtop_left\u00bb background_repeat=\u00bbrepeat\u00bb max_width=\u00bb700px\u00bb module_alignment=\u00bbcenter\u00bb custom_margin=\u00bb120px|||\u00bb custom_padding=\u00bb0px|||||\u00bb animation_style=\u00bbfade\u00bb animation_direction=\u00bbtop\u00bb hover_enabled=\u00bb0&#8243; global_colors_info=\u00bb{}\u00bb sticky_enabled=\u00bb0&#8243;]<\/p>\n<h3>Sobre Cruce de Fronteras<\/h3>\n<p>Esta exposici\u00f3n fue creada para dar visibilidad a las miles de personas que se ven obligadas a dejar atr\u00e1s su pa\u00eds por diferentes causas como guerras, odio, violaciones, dictaduras.<\/p>\n<p>Mediante un twine interactivo, el espectador podr\u00e1 vivir en primera persona las diferentes dificultades a las que tantos seres humanos tienen que enfrentarse.<\/p>\n<p>Es una exposici\u00f3n con un enfoque realista, no pretende idealizar la situaci\u00f3n, sino mostrar la crueldad de la situaci\u00f3n<\/p>\n<p>La exposici\u00f3n cuenta con testimonios reales, twine en el que el espectador determina su camino y final en base a sus respuestas, carteles interactivos e informativos, elementos f\u00edsicos interactivos, etc.<\/p>\n<p>Estos fueron los carteles dise\u00f1ados para presentar la exposici\u00f3n.<\/p>\n<p>[\/et_pb_text][\/et_pb_column][\/et_pb_row][\/et_pb_section][et_pb_section fb_built=\u00bb1&#8243; admin_label=\u00bbFullwidth Image\u00bb _builder_version=\u00bb4.13.1&#8243; background_image=\u00bbhttp:\/\/soyler.es\/wp-content\/uploads\/2022\/11\/FONDO-03-03-03.png\u00bb custom_padding=\u00bb110px|0px|110px|0px\u00bb global_colors_info=\u00bb{}\u00bb][et_pb_row _builder_version=\u00bb3.25&#8243; background_size=\u00bbinitial\u00bb background_position=\u00bbtop_left\u00bb background_repeat=\u00bbrepeat\u00bb global_colors_info=\u00bb{}\u00bb][et_pb_column type=\u00bb4_4&#8243; _builder_version=\u00bb3.25&#8243; custom_padding=\u00bb|||\u00bb global_colors_info=\u00bb{}\u00bb custom_padding__hover=\u00bb|||\u00bb][et_pb_image src=\u00bbhttp:\/\/soyler.es\/wp-content\/uploads\/2021\/11\/expo.png\u00bb title_text=\u00bbexpo\u00bb _builder_version=\u00bb4.13.1&#8243; _module_preset=\u00bbdefault\u00bb global_colors_info=\u00bb{}\u00bb][\/et_pb_image][\/et_pb_column][\/et_pb_row][\/et_pb_section]<\/p>\n","protected":false},"excerpt":{"rendered":"<p>Exhibition Designcruce de fronterasDise\u00f1o y exposici\u00f3n temporal en el CSEU La SalleSobre Cruce de Fronteras Esta exposici\u00f3n fue creada para dar visibilidad a las miles de personas que se ven obligadas a dejar atr\u00e1s su pa\u00eds por diferentes causas como guerras, odio, violaciones, dictaduras. Mediante un twine interactivo, el espectador podr\u00e1 vivir en primera persona [&hellip;]<\/p>\n","protected":false},"author":1,"featured_media":0,"parent":0,"menu_order":0,"comment_status":"closed","ping_status":"closed","template":"","meta":{"_et_pb_use_builder":"on","_et_pb_old_content":"","_et_gb_content_width":"","om_disable_all_campaigns":false,"_mi_skip_tracking":false,"footnotes":""},"class_list":["post-199","page","type-page","status-publish","hentry"],"aioseo_notices":[],"_links":{"self":[{"href":"http:\/\/soyler.es\/index.php?rest_route=\/wp\/v2\/pages\/199","targetHints":{"allow":["GET"]}}],"collection":[{"href":"http:\/\/soyler.es\/index.php?rest_route=\/wp\/v2\/pages"}],"about":[{"href":"http:\/\/soyler.es\/index.php?rest_route=\/wp\/v2\/types\/page"}],"author":[{"embeddable":true,"href":"http:\/\/soyler.es\/index.php?rest_route=\/wp\/v2\/users\/1"}],"replies":[{"embeddable":true,"href":"http:\/\/soyler.es\/index.php?rest_route=%2Fwp%2Fv2%2Fcomments&post=199"}],"version-history":[{"count":6,"href":"http:\/\/soyler.es\/index.php?rest_route=\/wp\/v2\/pages\/199\/revisions"}],"predecessor-version":[{"id":529,"href":"http:\/\/soyler.es\/index.php?rest_route=\/wp\/v2\/pages\/199\/revisions\/529"}],"wp:attachment":[{"href":"http:\/\/soyler.es\/index.php?rest_route=%2Fwp%2Fv2%2Fmedia&parent=199"}],"curies":[{"name":"wp","href":"https:\/\/api.w.org\/{rel}","templated":true}]}}