{"id":161,"date":"2021-11-28T21:04:02","date_gmt":"2021-11-28T21:04:02","guid":{"rendered":"http:\/\/soyler.es\/?page_id=161"},"modified":"2022-11-20T22:03:52","modified_gmt":"2022-11-20T22:03:52","slug":"creative-diseno-editorial","status":"publish","type":"page","link":"http:\/\/soyler.es\/?page_id=161","title":{"rendered":"Creative dise\u00f1o editorial"},"content":{"rendered":"<p>[et_pb_section fb_built=\u00bb1&#8243; admin_label=\u00bbHero\u00bb _builder_version=\u00bb4.13.1&#8243; use_background_color_gradient=\u00bbon\u00bb background_color_gradient_start=\u00bbrgba(0,0,0,0.6)\u00bb background_color_gradient_end=\u00bbrgba(0,0,0,0.6)\u00bb background_color_gradient_overlays_image=\u00bbon\u00bb background_image=\u00bbhttp:\/\/soyler.es\/wp-content\/uploads\/2021\/11\/portada_revista.png\u00bb custom_padding=\u00bb110px|0px|110px|0px|false|false\u00bb animation_style=\u00bbzoom\u00bb animation_intensity_zoom=\u00bb4%\u00bb global_colors_info=\u00bb{}\u00bb][et_pb_row _builder_version=\u00bb4.13.1&#8243; background_size=\u00bbinitial\u00bb background_position=\u00bbtop_left\u00bb background_repeat=\u00bbrepeat\u00bb custom_padding=\u00bb|||\u00bb animation_style=\u00bbslide\u00bb animation_direction=\u00bbtop\u00bb animation_intensity_slide=\u00bb3%\u00bb global_colors_info=\u00bb{}\u00bb][et_pb_column type=\u00bb4_4&#8243; _builder_version=\u00bb3.25&#8243; custom_padding=\u00bb|||\u00bb global_colors_info=\u00bb{}\u00bb custom_padding__hover=\u00bb|||\u00bb][et_pb_text _builder_version=\u00bb4.13.1&#8243; text_font=\u00bbPoppins|500||on|||||\u00bb text_text_color=\u00bb#f7f7f7&#8243; text_letter_spacing=\u00bb6px\u00bb background_size=\u00bbinitial\u00bb background_position=\u00bbtop_left\u00bb background_repeat=\u00bbrepeat\u00bb custom_margin=\u00bb|||\u00bb custom_padding=\u00bb||2px|||\u00bb animation_style=\u00bbslide\u00bb animation_direction=\u00bbbottom\u00bb locked=\u00bboff\u00bb global_colors_info=\u00bb{}\u00bb]<\/p>\n<p>editorial design<\/p>\n<p>[\/et_pb_text][et_pb_text _builder_version=\u00bb4.13.1&#8243; text_font=\u00bb||||||||\u00bb header_font=\u00bbPoppins|700||on|||||\u00bb header_text_color=\u00bb#ffffff\u00bb header_font_size=\u00bb60px\u00bb header_line_height=\u00bb1.3em\u00bb header_2_font=\u00bb||||||||\u00bb background_size=\u00bbinitial\u00bb background_position=\u00bbtop_left\u00bb background_repeat=\u00bbrepeat\u00bb custom_margin=\u00bb|||\u00bb animation_style=\u00bbfade\u00bb header_font_size_last_edited=\u00bboff|desktop\u00bb locked=\u00bboff\u00bb global_colors_info=\u00bb{}\u00bb]<\/p>\n<h1>creative<\/h1>\n<p>[\/et_pb_text][et_pb_text _builder_version=\u00bb4.13.1&#8243; text_font=\u00bbAnonymous Pro||||||||\u00bb text_text_color=\u00bb#ffffff\u00bb text_font_size=\u00bb24px\u00bb text_line_height=\u00bb1.8em\u00bb background_size=\u00bbinitial\u00bb background_position=\u00bbtop_left\u00bb background_repeat=\u00bbrepeat\u00bb max_width=\u00bb700px\u00bb module_alignment=\u00bbleft\u00bb custom_padding=\u00bb||0px|||\u00bb animation_style=\u00bbflip\u00bb animation_direction=\u00bbtop\u00bb animation_intensity_flip=\u00bb20%\u00bb locked=\u00bboff\u00bb global_colors_info=\u00bb{}\u00bb]<\/p>\n<p>Dise\u00f1o de contenido, ret\u00edcula y est\u00e9tica de revista<\/p>\n<p>[\/et_pb_text][\/et_pb_column][\/et_pb_row][\/et_pb_section][et_pb_section fb_built=\u00bb1&#8243; admin_label=\u00bbFullwidth Image\u00bb _builder_version=\u00bb4.13.1&#8243; background_color=\u00bb#FFFFFF\u00bb background_image=\u00bbhttp:\/\/soyler.es\/wp-content\/uploads\/2022\/11\/FONDO-03-03-03.png\u00bb custom_padding=\u00bb62px|0px|62px|0px||\u00bb global_colors_info=\u00bb{}\u00bb][et_pb_row _builder_version=\u00bb3.25&#8243; background_size=\u00bbinitial\u00bb background_position=\u00bbtop_left\u00bb background_repeat=\u00bbrepeat\u00bb global_colors_info=\u00bb{}\u00bb][et_pb_column type=\u00bb4_4&#8243; _builder_version=\u00bb3.25&#8243; custom_padding=\u00bb|||\u00bb global_colors_info=\u00bb{}\u00bb custom_padding__hover=\u00bb|||\u00bb][et_pb_text _builder_version=\u00bb4.13.1&#8243; text_font=\u00bbAnonymous Pro|700|||||||\u00bb text_text_color=\u00bb#f29263&#8243; text_font_size=\u00bb24px\u00bb text_line_height=\u00bb1.8em\u00bb header_font=\u00bbPoppins||||||||\u00bb background_size=\u00bbinitial\u00bb background_position=\u00bbtop_left\u00bb background_repeat=\u00bbrepeat\u00bb text_orientation=\u00bbcenter\u00bb max_width=\u00bb700px\u00bb module_alignment=\u00bbcenter\u00bb animation_style=\u00bbfade\u00bb animation_direction=\u00bbtop\u00bb hover_enabled=\u00bb0&#8243; global_colors_info=\u00bb{}\u00bb sticky_enabled=\u00bb0&#8243;]<\/p>\n<p><span>\u00a0La revista Creative ha sido dise\u00f1ada para ayudar a creadores multidisciplinares a crecer personal y profesionalmente, compartiendo diferentes t\u00e9cnicas de autores de la actualidad. Sus dimensiones son de 200 x 235mm, cuenta con 48 p\u00e1ginas incluyendo la cubierta.<br \/><\/span><\/p>\n<p>[\/et_pb_text][\/et_pb_column][\/et_pb_row][\/et_pb_section][et_pb_section fb_built=\u00bb1&#8243; _builder_version=\u00bb4.13.1&#8243; _module_preset=\u00bbdefault\u00bb background_image=\u00bbhttp:\/\/soyler.es\/wp-content\/uploads\/2022\/11\/FONDO-03-03-03.png\u00bb global_colors_info=\u00bb{}\u00bb][et_pb_row _builder_version=\u00bb4.13.1&#8243; _module_preset=\u00bbdefault\u00bb global_colors_info=\u00bb{}\u00bb][et_pb_column type=\u00bb4_4&#8243; _builder_version=\u00bb4.13.1&#8243; _module_preset=\u00bbdefault\u00bb global_colors_info=\u00bb{}\u00bb][et_pb_image src=\u00bbhttp:\/\/soyler.es\/wp-content\/uploads\/2021\/11\/9.png\u00bb title_text=\u00bb9&#8243; _builder_version=\u00bb4.13.1&#8243; _module_preset=\u00bbdefault\u00bb global_colors_info=\u00bb{}\u00bb][\/et_pb_image][\/et_pb_column][\/et_pb_row][\/et_pb_section][et_pb_section fb_built=\u00bb1&#8243; _builder_version=\u00bb4.13.1&#8243; _module_preset=\u00bbdefault\u00bb background_image=\u00bbhttp:\/\/soyler.es\/wp-content\/uploads\/2022\/11\/FONDO-03-03-03.png\u00bb global_colors_info=\u00bb{}\u00bb][et_pb_row _builder_version=\u00bb4.13.1&#8243; _module_preset=\u00bbdefault\u00bb global_colors_info=\u00bb{}\u00bb][et_pb_column type=\u00bb4_4&#8243; _builder_version=\u00bb4.13.1&#8243; _module_preset=\u00bbdefault\u00bb global_colors_info=\u00bb{}\u00bb][et_pb_image src=\u00bbhttp:\/\/soyler.es\/wp-content\/uploads\/2021\/11\/Revista.png\u00bb title_text=\u00bbRevista\u00bb _builder_version=\u00bb4.13.1&#8243; _module_preset=\u00bbdefault\u00bb global_colors_info=\u00bb{}\u00bb][\/et_pb_image][\/et_pb_column][\/et_pb_row][\/et_pb_section][et_pb_section fb_built=\u00bb1&#8243; _builder_version=\u00bb4.13.1&#8243; _module_preset=\u00bbdefault\u00bb background_image=\u00bbhttp:\/\/soyler.es\/wp-content\/uploads\/2022\/11\/FONDO-03-03-03.png\u00bb global_colors_info=\u00bb{}\u00bb][et_pb_row _builder_version=\u00bb4.13.1&#8243; _module_preset=\u00bbdefault\u00bb global_colors_info=\u00bb{}\u00bb][et_pb_column type=\u00bb4_4&#8243; _builder_version=\u00bb4.13.1&#8243; _module_preset=\u00bbdefault\u00bb global_colors_info=\u00bb{}\u00bb][et_pb_image src=\u00bbhttp:\/\/soyler.es\/wp-content\/uploads\/2021\/11\/7.png\u00bb title_text=\u00bb7&#8243; _builder_version=\u00bb4.13.1&#8243; _module_preset=\u00bbdefault\u00bb global_colors_info=\u00bb{}\u00bb][\/et_pb_image][\/et_pb_column][\/et_pb_row][\/et_pb_section][et_pb_section fb_built=\u00bb1&#8243; _builder_version=\u00bb4.13.1&#8243; _module_preset=\u00bbdefault\u00bb background_image=\u00bbhttp:\/\/soyler.es\/wp-content\/uploads\/2022\/11\/FONDO-03-03-03.png\u00bb global_colors_info=\u00bb{}\u00bb][et_pb_row _builder_version=\u00bb4.13.1&#8243; _module_preset=\u00bbdefault\u00bb global_colors_info=\u00bb{}\u00bb][et_pb_column type=\u00bb4_4&#8243; _builder_version=\u00bb4.13.1&#8243; _module_preset=\u00bbdefault\u00bb global_colors_info=\u00bb{}\u00bb][et_pb_image src=\u00bbhttp:\/\/soyler.es\/wp-content\/uploads\/2021\/11\/mockup.jpg\u00bb title_text=\u00bbmockup\u00bb _builder_version=\u00bb4.13.1&#8243; _module_preset=\u00bbdefault\u00bb global_colors_info=\u00bb{}\u00bb][\/et_pb_image][\/et_pb_column][\/et_pb_row][\/et_pb_section]<\/p>\n","protected":false},"excerpt":{"rendered":"<p>editorial designcreativeDise\u00f1o de contenido, ret\u00edcula y est\u00e9tica de revista\u00a0La revista Creative ha sido dise\u00f1ada para ayudar a creadores multidisciplinares a crecer personal y profesionalmente, compartiendo diferentes t\u00e9cnicas de autores de la actualidad. Sus dimensiones son de 200 x 235mm, cuenta con 48 p\u00e1ginas incluyendo la cubierta.<\/p>\n","protected":false},"author":1,"featured_media":0,"parent":0,"menu_order":0,"comment_status":"closed","ping_status":"closed","template":"","meta":{"_et_pb_use_builder":"on","_et_pb_old_content":"","_et_gb_content_width":"","om_disable_all_campaigns":false,"_mi_skip_tracking":false,"footnotes":""},"class_list":["post-161","page","type-page","status-publish","hentry"],"aioseo_notices":[],"_links":{"self":[{"href":"http:\/\/soyler.es\/index.php?rest_route=\/wp\/v2\/pages\/161","targetHints":{"allow":["GET"]}}],"collection":[{"href":"http:\/\/soyler.es\/index.php?rest_route=\/wp\/v2\/pages"}],"about":[{"href":"http:\/\/soyler.es\/index.php?rest_route=\/wp\/v2\/types\/page"}],"author":[{"embeddable":true,"href":"http:\/\/soyler.es\/index.php?rest_route=\/wp\/v2\/users\/1"}],"replies":[{"embeddable":true,"href":"http:\/\/soyler.es\/index.php?rest_route=%2Fwp%2Fv2%2Fcomments&post=161"}],"version-history":[{"count":9,"href":"http:\/\/soyler.es\/index.php?rest_route=\/wp\/v2\/pages\/161\/revisions"}],"predecessor-version":[{"id":528,"href":"http:\/\/soyler.es\/index.php?rest_route=\/wp\/v2\/pages\/161\/revisions\/528"}],"wp:attachment":[{"href":"http:\/\/soyler.es\/index.php?rest_route=%2Fwp%2Fv2%2Fmedia&parent=161"}],"curies":[{"name":"wp","href":"https:\/\/api.w.org\/{rel}","templated":true}]}}